{"id":841,"date":"2018-10-25T13:19:06","date_gmt":"2018-10-25T11:19:06","guid":{"rendered":"http:\/\/miyapura.de\/2018\/?page_id=841"},"modified":"2018-10-30T15:25:29","modified_gmt":"2018-10-30T14:25:29","slug":"physiotherapie","status":"publish","type":"page","link":"https:\/\/miyapura.de\/?page_id=841","title":{"rendered":"Physiotherapie"},"content":{"rendered":"<div class='clear'><\/div><div id='sub_menu1'  class='av-submenu-container av-jnokcq9c-bf8d6d207976abfcd049ecf1bf29b673 main_color  avia-builder-el-0  el_before_av_section  avia-builder-el-first  av-sticky-submenu container_wrap sidebar_right' style='z-index:301' ><div class='container av-menu-mobile-disabled av-submenu-pos-center'><ul id=\"menu-leistungen\" class=\"av-subnav-menu\"><li role=\"menuitem\" id=\"menu-item-827\" class=\"menu-item menu-item-type-post_type menu-item-object-page menu-item-top-level menu-item-top-level-1\"><a href=\"https:\/\/miyapura.de\/?page_id=819\" itemprop=\"url\" tabindex=\"0\"><span class=\"avia-bullet\"><\/span><span class=\"avia-menu-text\">Entspannte Athmosph\u00e4re<\/span><span class=\"avia-menu-fx\"><span class=\"avia-arrow-wrap\"><span class=\"avia-arrow\"><\/span><\/span><\/span><\/a><\/li>\n<li role=\"menuitem\" id=\"menu-item-828\" class=\"menu-item menu-item-type-post_type menu-item-object-page menu-item-top-level menu-item-top-level-2\"><a href=\"https:\/\/miyapura.de\/?page_id=824\" itemprop=\"url\" tabindex=\"0\"><span class=\"avia-bullet\"><\/span><span class=\"avia-menu-text\">Wohlf\u00fchlprodukte<\/span><span class=\"avia-menu-fx\"><span class=\"avia-arrow-wrap\"><span class=\"avia-arrow\"><\/span><\/span><\/span><\/a><\/li>\n<li role=\"menuitem\" id=\"menu-item-840\" class=\"menu-item menu-item-type-post_type menu-item-object-page menu-item-top-level menu-item-top-level-3\"><a href=\"https:\/\/miyapura.de\/?page_id=832\" itemprop=\"url\" tabindex=\"0\"><span class=\"avia-bullet\"><\/span><span class=\"avia-menu-text\">Individuelle Fitness<\/span><span class=\"avia-menu-fx\"><span class=\"avia-arrow-wrap\"><span class=\"avia-arrow\"><\/span><\/span><\/span><\/a><\/li>\n<li role=\"menuitem\" id=\"menu-item-902\" class=\"menu-item menu-item-type-post_type menu-item-object-page menu-item-top-level menu-item-top-level-4\"><a href=\"https:\/\/miyapura.de\/?page_id=841\" itemprop=\"url\" tabindex=\"0\"><span class=\"avia-bullet\"><\/span><span class=\"avia-menu-text\">Physiotherapie<\/span><span class=\"avia-menu-fx\"><span class=\"avia-arrow-wrap\"><span class=\"avia-arrow\"><\/span><\/span><\/span><\/a><\/li>\n<\/ul><\/div><\/div><div class='sticky_placeholder'><\/div>\n\n<style type=\"text\/css\" data-created_by=\"avia_inline_auto\" id=\"style-css-av-7l4b7u-1729c57b5495ad94e50ef36de70aae1e\">\n.avia-section.av-7l4b7u-1729c57b5495ad94e50ef36de70aae1e{\nbackground-repeat:no-repeat;\nbackground-image:url(https:\/\/miyapura.de\/wp-content\/uploads\/2016\/05\/hero-7.jpg);\nbackground-position:50% 50%;\nbackground-attachment:fixed;\n}\n.avia-section.av-7l4b7u-1729c57b5495ad94e50ef36de70aae1e .av-section-color-overlay{\nopacity:0.7;\nbackground-color:#000000;\n}\n<\/style>\n<div id='av_section_1'  class='avia-section av-7l4b7u-1729c57b5495ad94e50ef36de70aae1e alternate_color avia-section-huge avia-no-border-styling  avia-builder-el-1  el_after_av_submenu  avia-builder-el-last  avia-full-stretch avia-bg-style-fixed av-section-color-overlay-active container_wrap sidebar_right'  data-section-bg-repeat='stretch'><div class=\"av-section-color-overlay-wrap\"><div class=\"av-section-color-overlay\"><\/div><div class='container av-section-cont-open' ><div class='template-page content  av-content-small alpha units'><div class='post-entry post-entry-type-page post-entry-841'><div class='entry-content-wrapper clearfix'>\n\n<style type=\"text\/css\" data-created_by=\"avia_inline_auto\" id=\"style-css-av-av_heading-5a874108b205a75b9bfe0fe61773d148\">\n#top .av-special-heading.av-av_heading-5a874108b205a75b9bfe0fe61773d148{\npadding-bottom:20px;\nfont-size:50px;\n}\nbody .av-special-heading.av-av_heading-5a874108b205a75b9bfe0fe61773d148 .av-special-heading-tag .heading-char{\nfont-size:25px;\n}\n#top #wrap_all .av-special-heading.av-av_heading-5a874108b205a75b9bfe0fe61773d148 .av-special-heading-tag{\nfont-size:50px;\n}\n.av-special-heading.av-av_heading-5a874108b205a75b9bfe0fe61773d148 .av-subheading{\nfont-size:15px;\n}\n\n@media only screen and (min-width: 480px) and (max-width: 767px){ \n#top #wrap_all .av-special-heading.av-av_heading-5a874108b205a75b9bfe0fe61773d148 .av-special-heading-tag{\nfont-size:0.8em;\n}\n}\n\n@media only screen and (max-width: 479px){ \n#top #wrap_all .av-special-heading.av-av_heading-5a874108b205a75b9bfe0fe61773d148 .av-special-heading-tag{\nfont-size:0.8em;\n}\n}\n<\/style>\n<div  class='av-special-heading av-av_heading-5a874108b205a75b9bfe0fe61773d148 av-special-heading-h1 blockquote modern-quote modern-centered  avia-builder-el-2  el_before_av_one_fifth  avia-builder-el-first  av-thin-font av-inherit-size'><h1 class='av-special-heading-tag'  itemprop=\"headline\"  >Physiotherapie<strong>.<\/strong><\/h1><div class=\"special-heading-border\"><div class=\"special-heading-inner-border\"><\/div><\/div><\/div>\n\n<style type=\"text\/css\" data-created_by=\"avia_inline_auto\" id=\"style-css-av-790pw2-6dcf24c5d1f803afd3b32c2b303954bb\">\n.flex_column.av-790pw2-6dcf24c5d1f803afd3b32c2b303954bb{\n-webkit-border-radius:0px 0px 0px 0px;\n-moz-border-radius:0px 0px 0px 0px;\nborder-radius:0px 0px 0px 0px;\npadding:0px 0px 0px 0px;\n}\n<\/style>\n<div class='flex_column av-790pw2-6dcf24c5d1f803afd3b32c2b303954bb av_one_fifth  avia-builder-el-3  el_after_av_heading  el_before_av_three_fifth  first flex_column_div av-zero-column-padding '     ><\/div>\n<style type=\"text\/css\" data-created_by=\"avia_inline_auto\" id=\"style-css-av-6zpy6y-045c245782cfb1b77a3e93a1186777e8\">\n.flex_column.av-6zpy6y-045c245782cfb1b77a3e93a1186777e8{\n-webkit-border-radius:0px 0px 0px 0px;\n-moz-border-radius:0px 0px 0px 0px;\nborder-radius:0px 0px 0px 0px;\npadding:0px 0px 0px 0px;\n}\n<\/style>\n<div class='flex_column av-6zpy6y-045c245782cfb1b77a3e93a1186777e8 av_three_fifth  avia-builder-el-4  el_after_av_one_fifth  el_before_av_one_fifth  flex_column_div av-zero-column-padding '     ><style type=\"text\/css\" data-created_by=\"avia_inline_auto\" id=\"style-css-av-ojpiy-beabf11e72160b059ee0f38ab2ba8be3\">\n#top .av_textblock_section.av-ojpiy-beabf11e72160b059ee0f38ab2ba8be3 .avia_textblock{\nfont-size:19px;\n}\n<\/style>\n<section  class='av_textblock_section av-ojpiy-beabf11e72160b059ee0f38ab2ba8be3'  itemscope=\"itemscope\" itemtype=\"https:\/\/schema.org\/CreativeWork\" ><div class='avia_textblock'  itemprop=\"text\" ><h2>Physiotherapie<\/h2>\n<p>F\u00fcr Ihre Gesundheit ist das Beste gerade gut genug. Prophylaxe und Linderung von Beschwerden sind die h\u00e4ufigsten Ziele unserer Kunden im Bereich Physiotherapie. Unser Team verf\u00fcgt nicht nur \u00fcber eine fundierte Ausbildung und langj\u00e4hrige Erfahrung.<br \/>\nGerade im Bereich Gesundheit bieten wir Ihnen Physiotherapie auf dem modernsten Stand der medizinischen Forschung.<\/p>\n<p>Gesundheit erhalten durch Physiotherapie Bei l\u00e4nger anhaltenden Schmerzen oder bei Beschwerden nach Unf\u00e4llen ist Physiotherapie hervorragend geeignet, Ihre k\u00f6rperliche Gesundheit wieder herzustellen.<br \/>\nAber auch im Anfangsstadium von Beschwerden l\u00e4sst sich die Gesundheit durch Physiotherapie gezielt erhalten und ist somit bestens zur Prophylaxe geeignet.<\/p>\n<p><strong>Unser Leistungsspektrum im Bereich Physiotherapie<\/strong><\/p>\n<ul>\n<li class=\"hh1\">KG &#8211; Krankengymnastik<\/li>\n<li class=\"hh1\">KMT &#8211; Klassische Massage Therapie<\/li>\n<li class=\"hh1\">HL &#8211; Hei\u00dfluft<\/li>\n<li class=\"hh1\">Traktion im Schlingentisch<\/li>\n<li class=\"hh1\">Elektrotherapie<\/li>\n<li class=\"hh1\">Kinesiotape<\/li>\n<li class=\"hh1\">Bobath-Therapie (Erwachsene)<\/li>\n<li class=\"hh1\">Kryotherapie<\/li>\n<li class=\"hh1\">MTT Medizinische Trainingstherapie<\/li>\n<li class=\"hh1\">Fu\u00dfreflextherapie<\/li>\n<\/ul>\n<\/div><\/section><\/div>\n<style type=\"text\/css\" data-created_by=\"avia_inline_auto\" id=\"style-css-av-6qfdfu-9c66f651d1a2b193b8ab482fa2098851\">\n.flex_column.av-6qfdfu-9c66f651d1a2b193b8ab482fa2098851{\n-webkit-border-radius:0px 0px 0px 0px;\n-moz-border-radius:0px 0px 0px 0px;\nborder-radius:0px 0px 0px 0px;\npadding:0px 0px 0px 0px;\n}\n<\/style>\n<div class='flex_column av-6qfdfu-9c66f651d1a2b193b8ab482fa2098851 av_one_fifth  avia-builder-el-6  el_after_av_three_fifth  avia-builder-el-last  flex_column_div av-zero-column-padding '     ><\/div><\/div><\/div><\/div><!-- close content main div --><\/div><\/div><\/div><div id='after_section_1'  class='main_color av_default_container_wrap container_wrap sidebar_right'  ><div class='container av-section-cont-open' ><div class='template-page content  av-content-small alpha units'><div class='post-entry post-entry-type-page post-entry-841'><div class='entry-content-wrapper clearfix'>\n","protected":false},"excerpt":{"rendered":"","protected":false},"author":1,"featured_media":0,"parent":834,"menu_order":3,"comment_status":"closed","ping_status":"closed","template":"","meta":[],"_links":{"self":[{"href":"https:\/\/miyapura.de\/index.php?rest_route=\/wp\/v2\/pages\/841"}],"collection":[{"href":"https:\/\/miyapura.de\/index.php?rest_route=\/wp\/v2\/pages"}],"about":[{"href":"https:\/\/miyapura.de\/index.php?rest_route=\/wp\/v2\/types\/page"}],"author":[{"embeddable":true,"href":"https:\/\/miyapura.de\/index.php?rest_route=\/wp\/v2\/users\/1"}],"replies":[{"embeddable":true,"href":"https:\/\/miyapura.de\/index.php?rest_route=%2Fwp%2Fv2%2Fcomments&post=841"}],"version-history":[{"count":4,"href":"https:\/\/miyapura.de\/index.php?rest_route=\/wp\/v2\/pages\/841\/revisions"}],"predecessor-version":[{"id":918,"href":"https:\/\/miyapura.de\/index.php?rest_route=\/wp\/v2\/pages\/841\/revisions\/918"}],"up":[{"embeddable":true,"href":"https:\/\/miyapura.de\/index.php?rest_route=\/wp\/v2\/pages\/834"}],"wp:attachment":[{"href":"https:\/\/miyapura.de\/index.php?rest_route=%2Fwp%2Fv2%2Fmedia&parent=841"}],"curies":[{"name":"wp","href":"https:\/\/api.w.org\/{rel}","templated":true}]}}