{"id":847,"date":"2018-10-25T13:39:32","date_gmt":"2018-10-25T11:39:32","guid":{"rendered":"http:\/\/miyapura.de\/2018\/?page_id=847"},"modified":"2018-10-25T13:44:40","modified_gmt":"2018-10-25T11:44:40","slug":"myride","status":"publish","type":"page","link":"https:\/\/miyapura.de\/?page_id=847","title":{"rendered":"MyRide"},"content":{"rendered":"<div class='clear'><\/div><div id='sub_menu1'  class='av-submenu-container av-jnoirp2g-e9701147a84d675f2ff25d2e4fab1f8d main_color  avia-builder-el-0  el_before_av_heading  avia-builder-el-first  av-sticky-submenu container_wrap sidebar_right' style='z-index:301' ><div class='container av-menu-mobile-disabled av-submenu-pos-center'><ul id=\"menu-geraete\" class=\"av-subnav-menu\"><li role=\"menuitem\" id=\"menu-item-858\" class=\"menu-item menu-item-type-post_type menu-item-object-page menu-item-top-level menu-item-top-level-1\"><a href=\"https:\/\/miyapura.de\/?page_id=847\" itemprop=\"url\" tabindex=\"0\"><span class=\"avia-bullet\"><\/span><span class=\"avia-menu-text\">MyRide<\/span><span class=\"avia-menu-fx\"><span class=\"avia-arrow-wrap\"><span class=\"avia-arrow\"><\/span><\/span><\/span><\/a><\/li>\n<li role=\"menuitem\" id=\"menu-item-867\" class=\"menu-item menu-item-type-post_type menu-item-object-page menu-item-top-level menu-item-top-level-2\"><a href=\"https:\/\/miyapura.de\/?page_id=862\" itemprop=\"url\" tabindex=\"0\"><span class=\"avia-bullet\"><\/span><span class=\"avia-menu-text\">Power Plate<\/span><span class=\"avia-menu-fx\"><span class=\"avia-arrow-wrap\"><span class=\"avia-arrow\"><\/span><\/span><\/span><\/a><\/li>\n<li role=\"menuitem\" id=\"menu-item-878\" class=\"menu-item menu-item-type-post_type menu-item-object-page menu-item-top-level menu-item-top-level-3\"><a href=\"https:\/\/miyapura.de\/?page_id=869\" itemprop=\"url\" tabindex=\"0\"><span class=\"avia-bullet\"><\/span><span class=\"avia-menu-text\">Lifefitness Crosstrainer<\/span><span class=\"avia-menu-fx\"><span class=\"avia-arrow-wrap\"><span class=\"avia-arrow\"><\/span><\/span><\/span><\/a><\/li>\n<\/ul><\/div><\/div><div class='sticky_placeholder'><\/div><div id='after_submenu_1'  class='main_color av_default_container_wrap container_wrap sidebar_right'  ><div class='container av-section-cont-open' ><div class='template-page content  av-content-small alpha units'><div class='post-entry post-entry-type-page post-entry-847'><div class='entry-content-wrapper clearfix'>\n\n<style type=\"text\/css\" data-created_by=\"avia_inline_auto\" id=\"style-css-av-av_heading-597020a4c006a0d574dfa406403d8c8c\">\n#top .av-special-heading.av-av_heading-597020a4c006a0d574dfa406403d8c8c{\npadding-bottom:20px;\nfont-size:50px;\n}\nbody .av-special-heading.av-av_heading-597020a4c006a0d574dfa406403d8c8c .av-special-heading-tag .heading-char{\nfont-size:25px;\n}\n#top #wrap_all .av-special-heading.av-av_heading-597020a4c006a0d574dfa406403d8c8c .av-special-heading-tag{\nfont-size:50px;\n}\n.av-special-heading.av-av_heading-597020a4c006a0d574dfa406403d8c8c .av-subheading{\nfont-size:15px;\n}\n\n@media only screen and (min-width: 480px) and (max-width: 767px){ \n#top #wrap_all .av-special-heading.av-av_heading-597020a4c006a0d574dfa406403d8c8c .av-special-heading-tag{\nfont-size:0.8em;\n}\n}\n\n@media only screen and (max-width: 479px){ \n#top #wrap_all .av-special-heading.av-av_heading-597020a4c006a0d574dfa406403d8c8c .av-special-heading-tag{\nfont-size:0.8em;\n}\n}\n<\/style>\n<div  class='av-special-heading av-av_heading-597020a4c006a0d574dfa406403d8c8c av-special-heading-h1 blockquote modern-quote modern-centered  avia-builder-el-1  el_after_av_submenu  el_before_av_one_half  avia-builder-el-first  av-thin-font av-inherit-size'><h1 class='av-special-heading-tag'  itemprop=\"headline\"  >My-Ride<strong>.<\/strong><\/h1><div class=\"special-heading-border\"><div class=\"special-heading-inner-border\"><\/div><\/div><\/div>\n\n<style type=\"text\/css\" data-created_by=\"avia_inline_auto\" id=\"style-css-av-6zpy6y-1fc9a0fa8138ecd34fe3ed3d72765d96\">\n.flex_column.av-6zpy6y-1fc9a0fa8138ecd34fe3ed3d72765d96{\n-webkit-border-radius:0px 0px 0px 0px;\n-moz-border-radius:0px 0px 0px 0px;\nborder-radius:0px 0px 0px 0px;\npadding:0px 0px 0px 0px;\n}\n<\/style>\n<div class='flex_column av-6zpy6y-1fc9a0fa8138ecd34fe3ed3d72765d96 av_one_half  avia-builder-el-2  el_after_av_heading  el_before_av_one_half  first flex_column_div av-zero-column-padding '     ><section  class='av_textblock_section av-ojpiy-4bc0780917c67f0e9061f957101e71b8'  itemscope=\"itemscope\" itemtype=\"https:\/\/schema.org\/CreativeWork\" ><div class='avia_textblock'  itemprop=\"text\" ><h2>Fitness und Rehager\u00e4te der Firma FREI<\/h2>\n<ul>\n<li>Fitness und Rehager\u00e4te der Firma FREI<\/li>\n<li>Tomahawk INDOOR CYCLES:<\/li>\n<\/ul>\n<p><strong>SPD-Kombipedale<\/strong><br \/>\nRadcomputer mit Trittfrequenz, Herzfrequenz (mit POLAR-Pulsgurt)\u00a0 Kalorien- Verbrauch, Zeit und Distanz<\/p>\n<p>MYRIDE Interaktives Indoor Cycling Programm:<\/p>\n<\/div><\/section><br \/>\n<section  class='av_textblock_section av-jnoin7as-aa9fdb582af53264501f535a109f9285'  itemscope=\"itemscope\" itemtype=\"https:\/\/schema.org\/CreativeWork\" ><div class='avia_textblock'  itemprop=\"text\" ><p class=\"hh1\">MYRIDE bringt die gruppendynamischen Indoor Cycling Kurse in eine pers\u00f6nliche Trainingsumgebung &#8211; unabh\u00e4ngig von Kurszeiten, digital und interaktiv. MYRIDE ist ein vision\u00e4res Trainingskonzept, weltweit einzigartig und innovativ!<\/p>\n<ul>\n<li class=\"hh1\">Indoor Cyclingkurse unabh\u00e4ngig von Kurszeiten<\/li>\n<li class=\"hh1\">verschiedene Leistungslevel und Trainer w\u00e4hlbar<\/li>\n<li class=\"hh1\">viele verschiedene unterschiedliche Kurse konfigurierbar<\/li>\n<li class=\"hh1\">17&#8243; Touch Screen Bildschirm mit Nettop Mini-PC<\/li>\n<li class=\"hh1\">integriertes iPod \/ iPhone Steuerprogramm<\/li>\n<\/ul>\n<\/div><\/section><\/p><\/div>\n\n<style type=\"text\/css\" data-created_by=\"avia_inline_auto\" id=\"style-css-av-6qfdfu-9c66f651d1a2b193b8ab482fa2098851\">\n.flex_column.av-6qfdfu-9c66f651d1a2b193b8ab482fa2098851{\n-webkit-border-radius:0px 0px 0px 0px;\n-moz-border-radius:0px 0px 0px 0px;\nborder-radius:0px 0px 0px 0px;\npadding:0px 0px 0px 0px;\n}\n<\/style>\n<div class='flex_column av-6qfdfu-9c66f651d1a2b193b8ab482fa2098851 av_one_half  avia-builder-el-5  el_after_av_one_half  avia-builder-el-last  flex_column_div av-zero-column-padding '     ><div  class='avia-video av-jnoila3u-2893837569d1fb076d22baee65594225 avia-video-16-9 av-no-preview-image avia-video-load-always av-lazyload-immediate av-lazyload-video-embed'  itemprop=\"video\" itemtype=\"https:\/\/schema.org\/VideoObject\"  data-original_url='https:\/\/www.youtube.com\/embed\/iUGitEMx1X4'><script type='text\/html' class='av-video-tmpl'><div class='avia-iframe-wrap'><iframe width=\"1333\" height=\"1000\" src=\"https:\/\/www.youtube.com\/embed\/iUGitEMx1X4?feature=oembed&autoplay=0&loop=0&controls=1&mute=0\" frameborder=\"0\" allow=\"autoplay; encrypted-media\" allowfullscreen><\/iframe><\/div><\/script><div class='av-click-to-play-overlay'><div class=\"avia_playpause_icon\"><\/div><\/div><\/div><\/div>\n","protected":false},"excerpt":{"rendered":"","protected":false},"author":1,"featured_media":0,"parent":845,"menu_order":0,"comment_status":"closed","ping_status":"closed","template":"","meta":[],"_links":{"self":[{"href":"https:\/\/miyapura.de\/index.php?rest_route=\/wp\/v2\/pages\/847"}],"collection":[{"href":"https:\/\/miyapura.de\/index.php?rest_route=\/wp\/v2\/pages"}],"about":[{"href":"https:\/\/miyapura.de\/index.php?rest_route=\/wp\/v2\/types\/page"}],"author":[{"embeddable":true,"href":"https:\/\/miyapura.de\/index.php?rest_route=\/wp\/v2\/users\/1"}],"replies":[{"embeddable":true,"href":"https:\/\/miyapura.de\/index.php?rest_route=%2Fwp%2Fv2%2Fcomments&post=847"}],"version-history":[{"count":9,"href":"https:\/\/miyapura.de\/index.php?rest_route=\/wp\/v2\/pages\/847\/revisions"}],"predecessor-version":[{"id":861,"href":"https:\/\/miyapura.de\/index.php?rest_route=\/wp\/v2\/pages\/847\/revisions\/861"}],"up":[{"embeddable":true,"href":"https:\/\/miyapura.de\/index.php?rest_route=\/wp\/v2\/pages\/845"}],"wp:attachment":[{"href":"https:\/\/miyapura.de\/index.php?rest_route=%2Fwp%2Fv2%2Fmedia&parent=847"}],"curies":[{"name":"wp","href":"https:\/\/api.w.org\/{rel}","templated":true}]}}