{"id":869,"date":"2018-10-25T14:03:56","date_gmt":"2018-10-25T12:03:56","guid":{"rendered":"http:\/\/miyapura.de\/2018\/?page_id=869"},"modified":"2018-10-25T14:03:56","modified_gmt":"2018-10-25T12:03:56","slug":"lifefitness-crosstrainer","status":"publish","type":"page","link":"https:\/\/miyapura.de\/?page_id=869","title":{"rendered":"Lifefitness Crosstrainer"},"content":{"rendered":"<div class='clear'><\/div><div id='sub_menu1'  class='av-submenu-container av-jnojfmts-0d500a3c55134e2e6a8a3117970db5ba main_color  avia-builder-el-0  el_before_av_one_fifth  avia-builder-el-first  av-sticky-submenu container_wrap sidebar_right' style='z-index:301' ><div class='container av-menu-mobile-disabled av-submenu-pos-center'><ul id=\"menu-geraete\" class=\"av-subnav-menu\"><li role=\"menuitem\" id=\"menu-item-858\" class=\"menu-item menu-item-type-post_type menu-item-object-page menu-item-top-level menu-item-top-level-1\"><a href=\"https:\/\/miyapura.de\/?page_id=847\" itemprop=\"url\" tabindex=\"0\"><span class=\"avia-bullet\"><\/span><span class=\"avia-menu-text\">MyRide<\/span><span class=\"avia-menu-fx\"><span class=\"avia-arrow-wrap\"><span class=\"avia-arrow\"><\/span><\/span><\/span><\/a><\/li>\n<li role=\"menuitem\" id=\"menu-item-867\" class=\"menu-item menu-item-type-post_type menu-item-object-page menu-item-top-level menu-item-top-level-2\"><a href=\"https:\/\/miyapura.de\/?page_id=862\" itemprop=\"url\" tabindex=\"0\"><span class=\"avia-bullet\"><\/span><span class=\"avia-menu-text\">Power Plate<\/span><span class=\"avia-menu-fx\"><span class=\"avia-arrow-wrap\"><span class=\"avia-arrow\"><\/span><\/span><\/span><\/a><\/li>\n<li role=\"menuitem\" id=\"menu-item-878\" class=\"menu-item menu-item-type-post_type menu-item-object-page menu-item-top-level menu-item-top-level-3\"><a href=\"https:\/\/miyapura.de\/?page_id=869\" itemprop=\"url\" tabindex=\"0\"><span class=\"avia-bullet\"><\/span><span class=\"avia-menu-text\">Lifefitness Crosstrainer<\/span><span class=\"avia-menu-fx\"><span class=\"avia-arrow-wrap\"><span class=\"avia-arrow\"><\/span><\/span><\/span><\/a><\/li>\n<\/ul><\/div><\/div><div class='sticky_placeholder'><\/div><div id='after_submenu_1'  class='main_color av_default_container_wrap container_wrap sidebar_right'  ><div class='container av-section-cont-open' ><div class='template-page content  av-content-small alpha units'><div class='post-entry post-entry-type-page post-entry-869'><div class='entry-content-wrapper clearfix'>\n\n<style type=\"text\/css\" data-created_by=\"avia_inline_auto\" id=\"style-css-av-av_one_fifth-1df1b63c6c045939f2dc1aefbdd8e7ad\">\n.flex_column.av-av_one_fifth-1df1b63c6c045939f2dc1aefbdd8e7ad{\n-webkit-border-radius:0px 0px 0px 0px;\n-moz-border-radius:0px 0px 0px 0px;\nborder-radius:0px 0px 0px 0px;\npadding:0px 0px 0px 0px;\n}\n<\/style>\n<div class='flex_column av-av_one_fifth-1df1b63c6c045939f2dc1aefbdd8e7ad av_one_fifth  avia-builder-el-1  el_after_av_submenu  el_before_av_three_fifth  avia-builder-el-first  first flex_column_div av-zero-column-padding '     ><\/div>\n\n<style type=\"text\/css\" data-created_by=\"avia_inline_auto\" id=\"style-css-av-av_three_fifth-862f0c8b97abc46405e90743a1c7ee0e\">\n.flex_column.av-av_three_fifth-862f0c8b97abc46405e90743a1c7ee0e{\n-webkit-border-radius:0px 0px 0px 0px;\n-moz-border-radius:0px 0px 0px 0px;\nborder-radius:0px 0px 0px 0px;\npadding:0px 0px 0px 0px;\n}\n<\/style>\n<div class='flex_column av-av_three_fifth-862f0c8b97abc46405e90743a1c7ee0e av_three_fifth  avia-builder-el-2  el_after_av_one_fifth  el_before_av_one_fifth  flex_column_div av-zero-column-padding '     ><section  class='av_textblock_section av-jnojfhr1-2d0f4bc20db844ced1885bedffdeb10e'  itemscope=\"itemscope\" itemtype=\"https:\/\/schema.org\/CreativeWork\" ><div class='avia_textblock'  itemprop=\"text\" ><h2>Leistung auf h\u00f6chstem Niveau.<\/h2>\n<p>Sie m\u00fcssen Ihren K\u00f6rper nicht qu\u00e4len, um in den Genuss eines intensiven Herzkreislauftrainings zu kommen.<br \/>\nDie Life Fitness X-Serie Crosstrainer bieten eine gleichm\u00e4\u00dfige, nat\u00fcrliche Ganzk\u00f6rperbewegung, bei der Sie bei geringerer empfundener Belastung mehr Kalorien verbrennen. Erreichen Sie Ihre Ziele mit Vertrauen, Komfort und Stil.<\/p>\n<p>W\u00e4hlen Sie aus insgesamt 12 Programmen individuell aus: 4x Profile wie z.B. EZ-Steigung, H\u00fcgel, Intervall, 4x Herzfrequenz gesteuert<br \/>\n(max.HF,Cardio,H\u00fcgel,Intervall) und eine manuelle Einstellung stehen Ihnen zur Verf\u00fcgung.<\/p>\n<\/div><\/section><\/div>\n<style type=\"text\/css\" data-created_by=\"avia_inline_auto\" id=\"style-css-av-av_one_fifth-862f0c8b97abc46405e90743a1c7ee0e\">\n.flex_column.av-av_one_fifth-862f0c8b97abc46405e90743a1c7ee0e{\n-webkit-border-radius:0px 0px 0px 0px;\n-moz-border-radius:0px 0px 0px 0px;\nborder-radius:0px 0px 0px 0px;\npadding:0px 0px 0px 0px;\n}\n<\/style>\n<div class='flex_column av-av_one_fifth-862f0c8b97abc46405e90743a1c7ee0e av_one_fifth  avia-builder-el-4  el_after_av_three_fifth  el_before_av_masonry_gallery  avia-builder-el-last  flex_column_div av-zero-column-padding '     ><\/div><\/p>\n<div id='av-masonry-1' class='av-masonry av-jnojhhgx-82141f066aeb7675491ffa0d7131b305 noHover av-flex-size av-large-gap av-hover-overlay- av-masonry-animation-active av-masonry-col-flexible av-caption-always av-caption-style- av-masonry-gallery '><div class=\"av-masonry-container isotope av-js-disabled\"><div class='av-masonry-entry isotope-item av-masonry-item-no-image '><\/div><a href=\"https:\/\/miyapura.de\/wp-content\/uploads\/2018\/10\/cimg7798.jpg\" data-srcset=\"https:\/\/miyapura.de\/wp-content\/uploads\/2018\/10\/cimg7798.jpg 999w, https:\/\/miyapura.de\/wp-content\/uploads\/2018\/10\/cimg7798-300x225.jpg 300w, https:\/\/miyapura.de\/wp-content\/uploads\/2018\/10\/cimg7798-768x576.jpg 768w, https:\/\/miyapura.de\/wp-content\/uploads\/2018\/10\/cimg7798-705x529.jpg 705w, https:\/\/miyapura.de\/wp-content\/uploads\/2018\/10\/cimg7798-450x337.jpg 450w\" data-sizes=\"(max-width: 999px) 100vw, 999px\"  aria-label=\"Bild cimg7798\"  id='av-masonry-1-item-870' data-av-masonry-item='870' class='av-masonry-entry isotope-item post-870 attachment type-attachment status-inherit hentry  av-masonry-item-with-image' title=\"cimg7798\" alt=\"\"    itemprop=\"thumbnailUrl\" ><div class='av-inner-masonry-sizer'><\/div><figure class='av-inner-masonry main_color'><div class=\"av-masonry-outerimage-container\"><div class='av-masonry-image-container'   ><img width=\"705\" height=\"529\" class=\"wp-image-870 avia-img-lazy-loading-not-870\"  src=\"https:\/\/miyapura.de\/wp-content\/uploads\/2018\/10\/cimg7798-705x529.jpg\" title=\"cimg7798\" alt=\"\" srcset=\"https:\/\/miyapura.de\/wp-content\/uploads\/2018\/10\/cimg7798-705x529.jpg 705w, https:\/\/miyapura.de\/wp-content\/uploads\/2018\/10\/cimg7798-300x225.jpg 300w, https:\/\/miyapura.de\/wp-content\/uploads\/2018\/10\/cimg7798-768x576.jpg 768w, https:\/\/miyapura.de\/wp-content\/uploads\/2018\/10\/cimg7798-450x337.jpg 450w, https:\/\/miyapura.de\/wp-content\/uploads\/2018\/10\/cimg7798.jpg 999w\" sizes=\"(max-width: 705px) 100vw, 705px\" \/><\/div><\/div><\/figure><\/a><!--end av-masonry entry--><a href=\"https:\/\/miyapura.de\/wp-content\/uploads\/2018\/10\/cimg7801-773x1030.jpg\" data-srcset=\"https:\/\/miyapura.de\/wp-content\/uploads\/2018\/10\/cimg7801-773x1030.jpg 773w, https:\/\/miyapura.de\/wp-content\/uploads\/2018\/10\/cimg7801-225x300.jpg 225w, https:\/\/miyapura.de\/wp-content\/uploads\/2018\/10\/cimg7801-768x1024.jpg 768w, https:\/\/miyapura.de\/wp-content\/uploads\/2018\/10\/cimg7801-529x705.jpg 529w, https:\/\/miyapura.de\/wp-content\/uploads\/2018\/10\/cimg7801-450x600.jpg 450w, https:\/\/miyapura.de\/wp-content\/uploads\/2018\/10\/cimg7801.jpg 999w\" data-sizes=\"(max-width: 773px) 100vw, 773px\"  aria-label=\"Bild cimg7801\"  id='av-masonry-1-item-871' data-av-masonry-item='871' class='av-masonry-entry isotope-item post-871 attachment type-attachment status-inherit hentry  av-masonry-item-with-image' title=\"cimg7801\" alt=\"\"    itemprop=\"thumbnailUrl\" ><div class='av-inner-masonry-sizer'><\/div><figure class='av-inner-masonry main_color'><div class=\"av-masonry-outerimage-container\"><div class='av-masonry-image-container'   ><img width=\"529\" height=\"705\" class=\"wp-image-871 avia-img-lazy-loading-not-871\"  src=\"https:\/\/miyapura.de\/wp-content\/uploads\/2018\/10\/cimg7801-529x705.jpg\" title=\"cimg7801\" alt=\"\" srcset=\"https:\/\/miyapura.de\/wp-content\/uploads\/2018\/10\/cimg7801-529x705.jpg 529w, https:\/\/miyapura.de\/wp-content\/uploads\/2018\/10\/cimg7801-225x300.jpg 225w, https:\/\/miyapura.de\/wp-content\/uploads\/2018\/10\/cimg7801-768x1024.jpg 768w, https:\/\/miyapura.de\/wp-content\/uploads\/2018\/10\/cimg7801-773x1030.jpg 773w, https:\/\/miyapura.de\/wp-content\/uploads\/2018\/10\/cimg7801-450x600.jpg 450w, https:\/\/miyapura.de\/wp-content\/uploads\/2018\/10\/cimg7801.jpg 999w\" sizes=\"(max-width: 529px) 100vw, 529px\" \/><\/div><\/div><\/figure><\/a><!--end av-masonry entry--><a href=\"https:\/\/miyapura.de\/wp-content\/uploads\/2018\/10\/cimg7802.jpg\" data-srcset=\"https:\/\/miyapura.de\/wp-content\/uploads\/2018\/10\/cimg7802.jpg 999w, https:\/\/miyapura.de\/wp-content\/uploads\/2018\/10\/cimg7802-300x225.jpg 300w, https:\/\/miyapura.de\/wp-content\/uploads\/2018\/10\/cimg7802-768x576.jpg 768w, https:\/\/miyapura.de\/wp-content\/uploads\/2018\/10\/cimg7802-705x529.jpg 705w, https:\/\/miyapura.de\/wp-content\/uploads\/2018\/10\/cimg7802-450x337.jpg 450w\" data-sizes=\"(max-width: 999px) 100vw, 999px\"  aria-label=\"Bild cimg7802\"  id='av-masonry-1-item-872' data-av-masonry-item='872' class='av-masonry-entry isotope-item post-872 attachment type-attachment status-inherit hentry  av-masonry-item-with-image' title=\"cimg7802\" alt=\"\"    itemprop=\"thumbnailUrl\" ><div class='av-inner-masonry-sizer'><\/div><figure class='av-inner-masonry main_color'><div class=\"av-masonry-outerimage-container\"><div class='av-masonry-image-container'   ><img width=\"705\" height=\"529\" class=\"wp-image-872 avia-img-lazy-loading-not-872\"  src=\"https:\/\/miyapura.de\/wp-content\/uploads\/2018\/10\/cimg7802-705x529.jpg\" title=\"cimg7802\" alt=\"\" srcset=\"https:\/\/miyapura.de\/wp-content\/uploads\/2018\/10\/cimg7802-705x529.jpg 705w, https:\/\/miyapura.de\/wp-content\/uploads\/2018\/10\/cimg7802-300x225.jpg 300w, https:\/\/miyapura.de\/wp-content\/uploads\/2018\/10\/cimg7802-768x576.jpg 768w, https:\/\/miyapura.de\/wp-content\/uploads\/2018\/10\/cimg7802-450x337.jpg 450w, https:\/\/miyapura.de\/wp-content\/uploads\/2018\/10\/cimg7802.jpg 999w\" sizes=\"(max-width: 705px) 100vw, 705px\" \/><\/div><\/div><\/figure><\/a><!--end av-masonry entry--><a href=\"https:\/\/miyapura.de\/wp-content\/uploads\/2018\/10\/cimg7804.jpg\" data-srcset=\"https:\/\/miyapura.de\/wp-content\/uploads\/2018\/10\/cimg7804.jpg 999w, https:\/\/miyapura.de\/wp-content\/uploads\/2018\/10\/cimg7804-300x225.jpg 300w, https:\/\/miyapura.de\/wp-content\/uploads\/2018\/10\/cimg7804-768x576.jpg 768w, https:\/\/miyapura.de\/wp-content\/uploads\/2018\/10\/cimg7804-705x529.jpg 705w, https:\/\/miyapura.de\/wp-content\/uploads\/2018\/10\/cimg7804-450x337.jpg 450w\" data-sizes=\"(max-width: 999px) 100vw, 999px\"  aria-label=\"Bild cimg7804\"  id='av-masonry-1-item-873' data-av-masonry-item='873' class='av-masonry-entry isotope-item post-873 attachment type-attachment status-inherit hentry  av-masonry-item-with-image' title=\"cimg7804\" alt=\"\"    itemprop=\"thumbnailUrl\" ><div class='av-inner-masonry-sizer'><\/div><figure class='av-inner-masonry main_color'><div class=\"av-masonry-outerimage-container\"><div class='av-masonry-image-container'   ><img width=\"705\" height=\"529\" class=\"wp-image-873 avia-img-lazy-loading-not-873\"  src=\"https:\/\/miyapura.de\/wp-content\/uploads\/2018\/10\/cimg7804-705x529.jpg\" title=\"cimg7804\" alt=\"\" srcset=\"https:\/\/miyapura.de\/wp-content\/uploads\/2018\/10\/cimg7804-705x529.jpg 705w, https:\/\/miyapura.de\/wp-content\/uploads\/2018\/10\/cimg7804-300x225.jpg 300w, https:\/\/miyapura.de\/wp-content\/uploads\/2018\/10\/cimg7804-768x576.jpg 768w, https:\/\/miyapura.de\/wp-content\/uploads\/2018\/10\/cimg7804-450x337.jpg 450w, https:\/\/miyapura.de\/wp-content\/uploads\/2018\/10\/cimg7804.jpg 999w\" sizes=\"(max-width: 705px) 100vw, 705px\" \/><\/div><\/div><\/figure><\/a><!--end av-masonry entry--><a href=\"https:\/\/miyapura.de\/wp-content\/uploads\/2018\/10\/cimg7805.jpg\" data-srcset=\"https:\/\/miyapura.de\/wp-content\/uploads\/2018\/10\/cimg7805.jpg 999w, https:\/\/miyapura.de\/wp-content\/uploads\/2018\/10\/cimg7805-300x225.jpg 300w, https:\/\/miyapura.de\/wp-content\/uploads\/2018\/10\/cimg7805-768x576.jpg 768w, https:\/\/miyapura.de\/wp-content\/uploads\/2018\/10\/cimg7805-705x529.jpg 705w, https:\/\/miyapura.de\/wp-content\/uploads\/2018\/10\/cimg7805-450x337.jpg 450w\" data-sizes=\"(max-width: 999px) 100vw, 999px\"  aria-label=\"Bild cimg7805\"  id='av-masonry-1-item-874' data-av-masonry-item='874' class='av-masonry-entry isotope-item post-874 attachment type-attachment status-inherit hentry  av-masonry-item-with-image' title=\"cimg7805\" alt=\"\"    itemprop=\"thumbnailUrl\" ><div class='av-inner-masonry-sizer'><\/div><figure class='av-inner-masonry main_color'><div class=\"av-masonry-outerimage-container\"><div class='av-masonry-image-container'   ><img width=\"705\" height=\"529\" class=\"wp-image-874 avia-img-lazy-loading-not-874\"  src=\"https:\/\/miyapura.de\/wp-content\/uploads\/2018\/10\/cimg7805-705x529.jpg\" title=\"cimg7805\" alt=\"\" srcset=\"https:\/\/miyapura.de\/wp-content\/uploads\/2018\/10\/cimg7805-705x529.jpg 705w, https:\/\/miyapura.de\/wp-content\/uploads\/2018\/10\/cimg7805-300x225.jpg 300w, https:\/\/miyapura.de\/wp-content\/uploads\/2018\/10\/cimg7805-768x576.jpg 768w, https:\/\/miyapura.de\/wp-content\/uploads\/2018\/10\/cimg7805-450x337.jpg 450w, https:\/\/miyapura.de\/wp-content\/uploads\/2018\/10\/cimg7805.jpg 999w\" sizes=\"(max-width: 705px) 100vw, 705px\" \/><\/div><\/div><\/figure><\/a><!--end av-masonry entry--><a href=\"https:\/\/miyapura.de\/wp-content\/uploads\/2018\/10\/cimg7808.jpg\" data-srcset=\"https:\/\/miyapura.de\/wp-content\/uploads\/2018\/10\/cimg7808.jpg 999w, https:\/\/miyapura.de\/wp-content\/uploads\/2018\/10\/cimg7808-300x225.jpg 300w, https:\/\/miyapura.de\/wp-content\/uploads\/2018\/10\/cimg7808-768x576.jpg 768w, https:\/\/miyapura.de\/wp-content\/uploads\/2018\/10\/cimg7808-705x529.jpg 705w, https:\/\/miyapura.de\/wp-content\/uploads\/2018\/10\/cimg7808-450x337.jpg 450w\" data-sizes=\"(max-width: 999px) 100vw, 999px\"  aria-label=\"Bild cimg7808\"  id='av-masonry-1-item-875' data-av-masonry-item='875' class='av-masonry-entry isotope-item post-875 attachment type-attachment status-inherit hentry  av-masonry-item-with-image' title=\"cimg7808\" alt=\"\"    itemprop=\"thumbnailUrl\" ><div class='av-inner-masonry-sizer'><\/div><figure class='av-inner-masonry main_color'><div class=\"av-masonry-outerimage-container\"><div class='av-masonry-image-container'   ><img width=\"705\" height=\"529\" class=\"wp-image-875 avia-img-lazy-loading-not-875\"  src=\"https:\/\/miyapura.de\/wp-content\/uploads\/2018\/10\/cimg7808-705x529.jpg\" title=\"cimg7808\" alt=\"\" srcset=\"https:\/\/miyapura.de\/wp-content\/uploads\/2018\/10\/cimg7808-705x529.jpg 705w, https:\/\/miyapura.de\/wp-content\/uploads\/2018\/10\/cimg7808-300x225.jpg 300w, https:\/\/miyapura.de\/wp-content\/uploads\/2018\/10\/cimg7808-768x576.jpg 768w, https:\/\/miyapura.de\/wp-content\/uploads\/2018\/10\/cimg7808-450x337.jpg 450w, https:\/\/miyapura.de\/wp-content\/uploads\/2018\/10\/cimg7808.jpg 999w\" sizes=\"(max-width: 705px) 100vw, 705px\" \/><\/div><\/div><\/figure><\/a><!--end av-masonry entry--><\/div><\/div>\n","protected":false},"excerpt":{"rendered":"","protected":false},"author":1,"featured_media":0,"parent":845,"menu_order":2,"comment_status":"closed","ping_status":"closed","template":"","meta":[],"_links":{"self":[{"href":"https:\/\/miyapura.de\/index.php?rest_route=\/wp\/v2\/pages\/869"}],"collection":[{"href":"https:\/\/miyapura.de\/index.php?rest_route=\/wp\/v2\/pages"}],"about":[{"href":"https:\/\/miyapura.de\/index.php?rest_route=\/wp\/v2\/types\/page"}],"author":[{"embeddable":true,"href":"https:\/\/miyapura.de\/index.php?rest_route=\/wp\/v2\/users\/1"}],"replies":[{"embeddable":true,"href":"https:\/\/miyapura.de\/index.php?rest_route=%2Fwp%2Fv2%2Fcomments&post=869"}],"version-history":[{"count":1,"href":"https:\/\/miyapura.de\/index.php?rest_route=\/wp\/v2\/pages\/869\/revisions"}],"predecessor-version":[{"id":876,"href":"https:\/\/miyapura.de\/index.php?rest_route=\/wp\/v2\/pages\/869\/revisions\/876"}],"up":[{"embeddable":true,"href":"https:\/\/miyapura.de\/index.php?rest_route=\/wp\/v2\/pages\/845"}],"wp:attachment":[{"href":"https:\/\/miyapura.de\/index.php?rest_route=%2Fwp%2Fv2%2Fmedia&parent=869"}],"curies":[{"name":"wp","href":"https:\/\/api.w.org\/{rel}","templated":true}]}}